{"id":20,"date":"2023-05-02T14:59:31","date_gmt":"2023-05-02T17:59:31","guid":{"rendered":"https:\/\/acocenter.com.br\/blog?page_id=20"},"modified":"2025-10-14T14:08:24","modified_gmt":"2025-10-14T17:08:24","slug":"home","status":"publish","type":"page","link":"https:\/\/acocenter.com.br\/blog\/","title":{"rendered":"Home"},"content":{"rendered":"\n<h1>\n\t\tBlog A\u00e7o Center\n\t<\/h1>\n\t<p>A\u00e7o Inox &#8211; Alum\u00ednio &#8211; Galvanizado<\/p>\n\t\t\t<a href=\"https:\/\/acocenter.com.br\/blog\/aco-inox\/\" target=\"_self\" role=\"button\">\n\t\t\t\t\t\t\tA\u00e7o Inox\n\t\t\t\t\t<\/a>\n\t\t\t<a href=\"https:\/\/acocenter.com.br\/blog\/aluminio\/\" target=\"_self\" role=\"button\">\n\t\t\t\t\t\t\tAlum\u00ednio\n\t\t\t\t\t<\/a>\n\t\t\t<a href=\"https:\/\/acocenter.com.br\/blog\/aco-galvanizado\/\" target=\"_self\" role=\"button\">\n\t\t\t\t\t\t\tA\u00e7o Galvanizado\n\t\t\t\t\t<\/a>\n\t\t\t<a href=\"https:\/\/acocenter.com.br\/blog\/maquinas\/\" target=\"_self\" role=\"button\">\n\t\t\t\t\t\t\tM\u00e1quinas\n\t\t\t\t\t<\/a>\n\t\t\t<a href=\"https:\/\/acocenter.com.br\/blog\/acessorios\/\" target=\"_self\" role=\"button\">\n\t\t\t\t\t\t\tAcess\u00f3rios\n\t\t\t\t\t<\/a>\n\t\t\t<a href=\"https:\/\/acocenter.com.br\/blog\/destaques\/\" target=\"_self\" role=\"button\">\n\t\t\t\t\t\t\tDestaques\n\t\t\t\t\t<\/a>\n<h3>\n\t\tTodas as publica\u00e7\u00f5es\n\t<\/h3>\n\t<h3>Deseja receber not\u00edcias e novidades em primeira m\u00e3o?<\/h3>\n\n","protected":false},"excerpt":{"rendered":"<p>Blog A\u00e7o Center A\u00e7o Inox &#8211; Alum\u00ednio &#8211; Galvanizado A\u00e7o Inox Alum\u00ednio A\u00e7o Galvanizado M\u00e1quinas Acess\u00f3rios Destaques Todas as publica\u00e7\u00f5es Deseja receber not\u00edcias e novidades em primeira m\u00e3o?<\/p>\n","protected":false},"author":1,"featured_media":0,"parent":0,"menu_order":0,"comment_status":"closed","ping_status":"closed","template":"","meta":{"_kad_post_transparent":"","_kad_post_title":"","_kad_post_layout":"","_kad_post_sidebar_id":"","_kad_post_content_style":"","_kad_post_vertical_padding":"","_kad_post_feature":"","_kad_post_feature_position":"","_kad_post_header":false,"_kad_post_footer":false,"footnotes":""},"class_list":["post-20","page","type-page","status-publish","hentry"],"_links":{"self":[{"href":"https:\/\/acocenter.com.br\/blog\/wp-json\/wp\/v2\/pages\/20","targetHints":{"allow":["GET"]}}],"collection":[{"href":"https:\/\/acocenter.com.br\/blog\/wp-json\/wp\/v2\/pages"}],"about":[{"href":"https:\/\/acocenter.com.br\/blog\/wp-json\/wp\/v2\/types\/page"}],"author":[{"embeddable":true,"href":"https:\/\/acocenter.com.br\/blog\/wp-json\/wp\/v2\/users\/1"}],"replies":[{"embeddable":true,"href":"https:\/\/acocenter.com.br\/blog\/wp-json\/wp\/v2\/comments?post=20"}],"version-history":[{"count":46,"href":"https:\/\/acocenter.com.br\/blog\/wp-json\/wp\/v2\/pages\/20\/revisions"}],"predecessor-version":[{"id":420,"href":"https:\/\/acocenter.com.br\/blog\/wp-json\/wp\/v2\/pages\/20\/revisions\/420"}],"wp:attachment":[{"href":"https:\/\/acocenter.com.br\/blog\/wp-json\/wp\/v2\/media?parent=20"}],"curies":[{"name":"wp","href":"https:\/\/api.w.org\/{rel}","templated":true}]}}